{"id":1679,"date":"2025-05-05T07:16:44","date_gmt":"2025-05-05T05:16:44","guid":{"rendered":"https:\/\/www.acctua.eu\/contato\/"},"modified":"2025-09-25T12:35:21","modified_gmt":"2025-09-25T10:35:21","slug":"contato","status":"publish","type":"page","link":"https:\/\/www.acctua.eu\/pt-br\/contato\/","title":{"rendered":"Contato"},"content":{"rendered":"\t\t<div data-elementor-type=\"wp-page\" data-elementor-id=\"1679\" class=\"elementor elementor-1679 elementor-219\" data-elementor-post-type=\"page\">\n\t\t\t\t<div class=\"elementor-element elementor-element-4466e00 e-flex e-con-boxed e-con e-parent\" data-id=\"4466e00\" data-element_type=\"container\" data-e-type=\"container\" data-settings=\"{&quot;background_background&quot;:&quot;classic&quot;}\">\n\t\t\t\t\t<div class=\"e-con-inner\">\n\t\t\t\t<div class=\"elementor-element elementor-element-af925a1 elementor-align-center elementor-widget elementor-widget-button\" data-id=\"af925a1\" data-element_type=\"widget\" data-e-type=\"widget\" data-widget_type=\"button.default\">\n\t\t\t\t<div class=\"elementor-widget-container\">\n\t\t\t\t\t\t\t\t\t<div class=\"elementor-button-wrapper\">\n\t\t\t\t\t<a class=\"elementor-button elementor-size-sm\" role=\"button\">\n\t\t\t\t\t\t<span class=\"elementor-button-content-wrapper\">\n\t\t\t\t\t\t\t\t\t<span class=\"elementor-button-text\">Contato<\/span>\n\t\t\t\t\t<\/span>\n\t\t\t\t\t<\/a>\n\t\t\t\t<\/div>\n\t\t\t\t\t\t\t\t<\/div>\n\t\t\t\t<\/div>\n\t\t\t\t<div class=\"elementor-element elementor-element-66f3366 elementor-widget elementor-widget-heading\" data-id=\"66f3366\" data-element_type=\"widget\" data-e-type=\"widget\" data-widget_type=\"heading.default\">\n\t\t\t\t<div class=\"elementor-widget-container\">\n\t\t\t\t\t<h2 class=\"elementor-heading-title elementor-size-default\">Estamos dando um passo adiante em termos de acessibilidade?<\/h2>\t\t\t\t<\/div>\n\t\t\t\t<\/div>\n\t\t\t\t\t<\/div>\n\t\t\t\t<\/div>\n\t\t<div class=\"elementor-element elementor-element-457625b e-flex e-con-boxed e-con e-parent\" data-id=\"457625b\" data-element_type=\"container\" data-e-type=\"container\" data-settings=\"{&quot;background_background&quot;:&quot;classic&quot;}\">\n\t\t\t\t\t<div class=\"e-con-inner\">\n\t\t<div class=\"elementor-element elementor-element-aa07a75 e-con-full e-flex e-con e-child\" data-id=\"aa07a75\" data-element_type=\"container\" data-e-type=\"container\">\n\t\t<div class=\"elementor-element elementor-element-a1f0569 e-con-full e-flex e-con e-child\" data-id=\"a1f0569\" data-element_type=\"container\" data-e-type=\"container\">\n\t\t\t\t<div class=\"elementor-element elementor-element-784b76e elementor-widget elementor-widget-heading\" data-id=\"784b76e\" data-element_type=\"widget\" data-e-type=\"widget\" data-widget_type=\"heading.default\">\n\t\t\t\t<div class=\"elementor-widget-container\">\n\t\t\t\t\t<h3 class=\"elementor-heading-title elementor-size-default\">Vamos conversar sobre seu projeto<\/h3>\t\t\t\t<\/div>\n\t\t\t\t<\/div>\n\t\t\t\t<div class=\"elementor-element elementor-element-5d1e2d0 elementor-widget elementor-widget-heading\" data-id=\"5d1e2d0\" data-element_type=\"widget\" data-e-type=\"widget\" data-widget_type=\"heading.default\">\n\t\t\t\t<div class=\"elementor-widget-container\">\n\t\t\t\t\t<h1 class=\"elementor-heading-title elementor-size-default\">Assessoria especializada e solu\u00e7\u00f5es personalizadas<\/h1>\t\t\t\t<\/div>\n\t\t\t\t<\/div>\n\t\t\t\t<\/div>\n\t\t\t\t<div class=\"elementor-element elementor-element-80187b4 elementor-widget elementor-widget-text-editor\" data-id=\"80187b4\" data-element_type=\"widget\" data-e-type=\"widget\" data-widget_type=\"text-editor.default\">\n\t\t\t\t<div class=\"elementor-widget-container\">\n\t\t\t\t\t\t\t\t\t<p>Na Acctua, estamos aqui para ajudar voc\u00ea a otimizar seu site com solu\u00e7\u00f5es inovadoras e eficientes.<\/p><p>Diga-nos o que voc\u00ea precisa e nossa equipe de especialistas entrar\u00e1 em contato para lhe oferecer a melhor op\u00e7\u00e3o.<\/p>\t\t\t\t\t\t\t\t<\/div>\n\t\t\t\t<\/div>\n\t\t\t\t<div class=\"elementor-element elementor-element-d4749c1 elementor-icon-list--layout-traditional elementor-list-item-link-full_width elementor-widget elementor-widget-icon-list\" data-id=\"d4749c1\" data-element_type=\"widget\" data-e-type=\"widget\" data-widget_type=\"icon-list.default\">\n\t\t\t\t<div class=\"elementor-widget-container\">\n\t\t\t\t\t\t\t<ul class=\"elementor-icon-list-items\">\n\t\t\t\t\t\t\t<li class=\"elementor-icon-list-item\">\n\t\t\t\t\t\t\t\t\t\t\t<a href=\"mailto:info@acctua.eu\">\n\n\t\t\t\t\t\t\t\t\t\t\t\t<span class=\"elementor-icon-list-icon\">\n\t\t\t\t\t\t\t<svg xmlns=\"http:\/\/www.w3.org\/2000\/svg\" width=\"24\" height=\"24\" viewBox=\"0 0 24 24\" fill=\"none\"><path d=\"M2.35699 7.714L9.33699 12.368C10.3 13.009 10.781 13.33 11.301 13.455C11.761 13.565 12.24 13.565 12.699 13.455C13.219 13.33 13.7 13.009 14.663 12.368L21.643 7.714M7.15699 19.5H16.843C18.523 19.5 19.363 19.5 20.005 19.173C20.5691 18.8852 21.0276 18.4263 21.315 17.862C21.643 17.22 21.643 16.38 21.643 14.7V9.3C21.643 7.62 21.643 6.78 21.316 6.138C21.0284 5.57354 20.5695 5.11462 20.005 4.827C19.363 4.5 18.523 4.5 16.843 4.5H7.15699C5.47699 4.5 4.63699 4.5 3.99499 4.827C3.4309 5.11479 2.97235 5.57369 2.68499 6.138C2.35699 6.78 2.35699 7.62 2.35699 9.3V14.7C2.35699 16.38 2.35699 17.22 2.68399 17.862C2.97161 18.4265 3.43053 18.8854 3.99499 19.173C4.63699 19.5 5.47699 19.5 7.15699 19.5Z\" stroke=\"#FFD000\" stroke-width=\"1.5\" stroke-linecap=\"round\" stroke-linejoin=\"round\"><\/path><\/svg>\t\t\t\t\t\t<\/span>\n\t\t\t\t\t\t\t\t\t\t<span class=\"elementor-icon-list-text\">info@acctua.eu<\/span>\n\t\t\t\t\t\t\t\t\t\t\t<\/a>\n\t\t\t\t\t\t\t\t\t<\/li>\n\t\t\t\t\t\t\t\t<li class=\"elementor-icon-list-item\">\n\t\t\t\t\t\t\t\t\t\t\t<a href=\"tel:660861926\">\n\n\t\t\t\t\t\t\t\t\t\t\t\t<span class=\"elementor-icon-list-icon\">\n\t\t\t\t\t\t\t<svg xmlns=\"http:\/\/www.w3.org\/2000\/svg\" width=\"24\" height=\"24\" viewBox=\"0 0 24 24\" fill=\"none\"><path fill-rule=\"evenodd\" clip-rule=\"evenodd\" d=\"M5.733 2.04281C6.95 0.832808 8.954 1.04781 9.973 2.40981L11.235 4.09381C12.065 5.20181 11.991 6.74981 11.006 7.72881L10.768 7.96681C10.741 8.06672 10.7383 8.17163 10.76 8.27281C10.823 8.68081 11.164 9.54481 12.592 10.9648C14.02 12.3848 14.89 12.7248 15.304 12.7888C15.4083 12.8098 15.516 12.8067 15.619 12.7798L16.027 12.3738C16.903 11.5038 18.247 11.3408 19.331 11.9298L21.241 12.9698C22.878 13.8578 23.291 16.0818 21.951 17.4148L20.53 18.8268C20.082 19.2718 19.48 19.6428 18.746 19.7118C16.936 19.8808 12.719 19.6648 8.286 15.2578C4.149 11.1438 3.355 7.55581 3.254 5.78781C3.204 4.89381 3.626 4.13781 4.164 3.60381L5.733 2.04281ZM8.773 3.30881C8.266 2.63181 7.322 2.57781 6.79 3.10681L5.22 4.66681C4.89 4.99481 4.732 5.35681 4.752 5.70281C4.832 7.10781 5.472 10.3448 9.344 14.1948C13.406 18.2328 17.157 18.3538 18.607 18.2178C18.903 18.1908 19.197 18.0368 19.472 17.7638L20.892 16.3508C21.47 15.7768 21.343 14.7308 20.525 14.2868L18.615 13.2478C18.087 12.9618 17.469 13.0558 17.085 13.4378L16.63 13.8908L16.1 13.3588C16.63 13.8908 16.629 13.8918 16.628 13.8918L16.627 13.8938L16.624 13.8968L16.617 13.9028L16.602 13.9168C16.5598 13.956 16.5143 13.9915 16.466 14.0228C16.386 14.0758 16.28 14.1348 16.147 14.1838C15.877 14.2848 15.519 14.3388 15.077 14.2708C14.21 14.1378 13.061 13.5468 11.534 12.0288C10.008 10.5108 9.412 9.36881 9.278 8.50281C9.209 8.06081 9.264 7.70281 9.366 7.43281C9.42213 7.28088 9.50251 7.13904 9.604 7.01281L9.636 6.97781L9.65 6.96281L9.656 6.95681L9.659 6.95381L9.661 6.95181L9.949 6.66581C10.377 6.23881 10.437 5.53181 10.034 4.99281L8.773 3.30881Z\" fill=\"#FFD000\"><\/path><\/svg>\t\t\t\t\t\t<\/span>\n\t\t\t\t\t\t\t\t\t\t<span class=\"elementor-icon-list-text\">(+34) 660 861 926<\/span>\n\t\t\t\t\t\t\t\t\t\t\t<\/a>\n\t\t\t\t\t\t\t\t\t<\/li>\n\t\t\t\t\t\t\t\t<li class=\"elementor-icon-list-item\">\n\t\t\t\t\t\t\t\t\t\t\t<a href=\"tel:964333275\">\n\n\t\t\t\t\t\t\t\t\t\t\t\t<span class=\"elementor-icon-list-icon\">\n\t\t\t\t\t\t\t<svg xmlns=\"http:\/\/www.w3.org\/2000\/svg\" width=\"24\" height=\"24\" viewBox=\"0 0 24 24\" fill=\"none\"><path fill-rule=\"evenodd\" clip-rule=\"evenodd\" d=\"M5.733 2.04281C6.95 0.832808 8.954 1.04781 9.973 2.40981L11.235 4.09381C12.065 5.20181 11.991 6.74981 11.006 7.72881L10.768 7.96681C10.741 8.06672 10.7383 8.17163 10.76 8.27281C10.823 8.68081 11.164 9.54481 12.592 10.9648C14.02 12.3848 14.89 12.7248 15.304 12.7888C15.4083 12.8098 15.516 12.8067 15.619 12.7798L16.027 12.3738C16.903 11.5038 18.247 11.3408 19.331 11.9298L21.241 12.9698C22.878 13.8578 23.291 16.0818 21.951 17.4148L20.53 18.8268C20.082 19.2718 19.48 19.6428 18.746 19.7118C16.936 19.8808 12.719 19.6648 8.286 15.2578C4.149 11.1438 3.355 7.55581 3.254 5.78781C3.204 4.89381 3.626 4.13781 4.164 3.60381L5.733 2.04281ZM8.773 3.30881C8.266 2.63181 7.322 2.57781 6.79 3.10681L5.22 4.66681C4.89 4.99481 4.732 5.35681 4.752 5.70281C4.832 7.10781 5.472 10.3448 9.344 14.1948C13.406 18.2328 17.157 18.3538 18.607 18.2178C18.903 18.1908 19.197 18.0368 19.472 17.7638L20.892 16.3508C21.47 15.7768 21.343 14.7308 20.525 14.2868L18.615 13.2478C18.087 12.9618 17.469 13.0558 17.085 13.4378L16.63 13.8908L16.1 13.3588C16.63 13.8908 16.629 13.8918 16.628 13.8918L16.627 13.8938L16.624 13.8968L16.617 13.9028L16.602 13.9168C16.5598 13.956 16.5143 13.9915 16.466 14.0228C16.386 14.0758 16.28 14.1348 16.147 14.1838C15.877 14.2848 15.519 14.3388 15.077 14.2708C14.21 14.1378 13.061 13.5468 11.534 12.0288C10.008 10.5108 9.412 9.36881 9.278 8.50281C9.209 8.06081 9.264 7.70281 9.366 7.43281C9.42213 7.28088 9.50251 7.13904 9.604 7.01281L9.636 6.97781L9.65 6.96281L9.656 6.95681L9.659 6.95381L9.661 6.95181L9.949 6.66581C10.377 6.23881 10.437 5.53181 10.034 4.99281L8.773 3.30881Z\" fill=\"#FFD000\"><\/path><\/svg>\t\t\t\t\t\t<\/span>\n\t\t\t\t\t\t\t\t\t\t<span class=\"elementor-icon-list-text\">(+34) 964 333 275<\/span>\n\t\t\t\t\t\t\t\t\t\t\t<\/a>\n\t\t\t\t\t\t\t\t\t<\/li>\n\t\t\t\t\t\t<\/ul>\n\t\t\t\t\t\t<\/div>\n\t\t\t\t<\/div>\n\t\t\t\t<\/div>\n\t\t<div class=\"elementor-element elementor-element-2de69ef e-con-full e-flex e-con e-child\" data-id=\"2de69ef\" data-element_type=\"container\" data-e-type=\"container\" data-settings=\"{&quot;background_background&quot;:&quot;classic&quot;}\">\n\t\t\t\t<div class=\"elementor-element elementor-element-dc8c524 elementor-widget elementor-widget-heading\" data-id=\"dc8c524\" data-element_type=\"widget\" data-e-type=\"widget\" data-widget_type=\"heading.default\">\n\t\t\t\t<div class=\"elementor-widget-container\">\n\t\t\t\t\t<h2 class=\"elementor-heading-title elementor-size-default\">Contacte-nos sem compromisso<\/h2>\t\t\t\t<\/div>\n\t\t\t\t<\/div>\n\t\t\t\t<div class=\"elementor-element elementor-element-4292cf6 elementor-button-align-start elementor-widget elementor-widget-form\" data-id=\"4292cf6\" data-element_type=\"widget\" data-e-type=\"widget\" data-settings=\"{&quot;step_next_label&quot;:&quot;Seguindo&quot;,&quot;step_previous_label&quot;:&quot;Antigo&quot;,&quot;button_width&quot;:&quot;100&quot;,&quot;step_type&quot;:&quot;number_text&quot;,&quot;step_icon_shape&quot;:&quot;circle&quot;}\" data-widget_type=\"form.default\">\n\t\t\t\t<div class=\"elementor-widget-container\">\n\t\t\t\t\t\t\t<form class=\"elementor-form\" method=\"post\" name=\"Novo formul\u00e1rio\">\n\t\t\t<input type=\"hidden\" name=\"post_id\" value=\"1679\"\/>\n\t\t\t<input type=\"hidden\" name=\"form_id\" value=\"4292cf6\"\/>\n\t\t\t<input type=\"hidden\" name=\"referer_title\" value=\"Contato - Accesit Inclusivo\" \/>\n\n\t\t\t\t\t\t\t<input type=\"hidden\" name=\"queried_id\" value=\"1679\"\/>\n\t\t\t\n\t\t\t<div class=\"elementor-form-fields-wrapper elementor-labels-above\">\n\t\t\t\t\t\t\t\t<div class=\"elementor-field-type-text elementor-field-group elementor-column elementor-field-group-name elementor-col-100 elementor-field-required\">\n\t\t\t\t\t\t\t\t\t\t\t\t<label for=\"form-field-name\" class=\"elementor-field-label\">\n\t\t\t\t\t\t\t\tNome completo\t\t\t\t\t\t\t<\/label>\n\t\t\t\t\t\t\t\t\t\t\t\t\t\t<input size=\"1\" type=\"text\" name=\"form_fields[name]\" id=\"form-field-name\" class=\"elementor-field elementor-size-sm  elementor-field-textual\" required=\"required\">\n\t\t\t\t\t\t\t\t\t\t\t<\/div>\n\t\t\t\t\t\t\t\t<div class=\"elementor-field-type-email elementor-field-group elementor-column elementor-field-group-email elementor-col-100 elementor-field-required\">\n\t\t\t\t\t\t\t\t\t\t\t\t<label for=\"form-field-email\" class=\"elementor-field-label\">\n\t\t\t\t\t\t\t\tEmail\t\t\t\t\t\t\t<\/label>\n\t\t\t\t\t\t\t\t\t\t\t\t\t\t<input size=\"1\" type=\"email\" name=\"form_fields[email]\" id=\"form-field-email\" class=\"elementor-field elementor-size-sm  elementor-field-textual\" required=\"required\">\n\t\t\t\t\t\t\t\t\t\t\t<\/div>\n\t\t\t\t\t\t\t\t<div class=\"elementor-field-type-textarea elementor-field-group elementor-column elementor-field-group-message elementor-col-100 elementor-field-required\">\n\t\t\t\t\t\t\t\t\t\t\t\t<label for=\"form-field-message\" class=\"elementor-field-label\">\n\t\t\t\t\t\t\t\tMensagem\t\t\t\t\t\t\t<\/label>\n\t\t\t\t\t\t<textarea class=\"elementor-field-textual elementor-field  elementor-size-sm\" name=\"form_fields[message]\" id=\"form-field-message\" rows=\"4\" required=\"required\"><\/textarea>\t\t\t\t<\/div>\n\t\t\t\t\t\t\t\t<div class=\"elementor-field-type-recaptcha_v3 elementor-field-group elementor-column elementor-field-group-field_968b9f0 elementor-col-100 recaptcha_v3-bottomleft\">\n\t\t\t\t\t<div class=\"elementor-field\" id=\"form-field-field_968b9f0\"><div class=\"elementor-g-recaptcha\" data-sitekey=\"6Ld0HlArAAAAAJ9oG6ODBRzywqRcen3qRjc8LkEK\" data-type=\"v3\" data-action=\"Form\" data-badge=\"bottomleft\" data-size=\"invisible\"><\/div><\/div>\t\t\t\t<\/div>\n\t\t\t\t\t\t\t\t<div class=\"elementor-field-group elementor-column elementor-field-type-submit elementor-col-100 e-form__buttons\">\n\t\t\t\t\t<button class=\"elementor-button elementor-size-sm\" type=\"submit\">\n\t\t\t\t\t\t<span class=\"elementor-button-content-wrapper\">\n\t\t\t\t\t\t\t\t\t\t\t\t\t\t\t<span class=\"elementor-button-icon\">\n\t\t\t\t\t\t\t\t\t<svg xmlns=\"http:\/\/www.w3.org\/2000\/svg\" xmlns:xlink=\"http:\/\/www.w3.org\/1999\/xlink\" x=\"0px\" y=\"0px\" viewBox=\"0 0 12 15\" style=\"enable-background:new 0 0 12 15;\" xml:space=\"preserve\"><circle cx=\"2.5\" cy=\"2.5\" r=\"2.5\"><\/circle><circle cx=\"2.5\" cy=\"12.5\" r=\"2.5\"><\/circle><circle cx=\"9.5\" cy=\"7.5\" r=\"2.5\"><\/circle><\/svg>\t\t\t\t\t\t\t\t\t\t\t\t\t\t\t\t\t<\/span>\n\t\t\t\t\t\t\t\t\t\t\t\t\t\t\t\t\t\t\t\t\t\t<span class=\"elementor-button-text\">Enviar<\/span>\n\t\t\t\t\t\t\t\t\t\t\t\t\t<\/span>\n\t\t\t\t\t<\/button>\n\t\t\t\t<\/div>\n\t\t\t<\/div>\n\t\t<\/form>\n\t\t\t\t\t\t<\/div>\n\t\t\t\t<\/div>\n\t\t\t\t<\/div>\n\t\t\t\t\t<\/div>\n\t\t\t\t<\/div>\n\t\t\t\t<\/div>\n\t\t","protected":false},"excerpt":{"rendered":"<p>Estamos dando um passo adiante em termos de acessibilidade? Vamos conversar sobre seu projeto Assessoria especializada e solu\u00e7\u00f5es personalizadas Na Acctua, estamos aqui para ajudar voc\u00ea a otimizar seu site com solu\u00e7\u00f5es inovadoras e eficientes. Diga-nos o que voc\u00ea precisa e nossa equipe de especialistas entrar\u00e1 em contato para lhe oferecer a melhor op\u00e7\u00e3o. info@acctua.eu [&hellip;]<\/p>\n","protected":false},"author":2,"featured_media":0,"parent":0,"menu_order":0,"comment_status":"closed","ping_status":"closed","template":"elementor_header_footer","meta":{"iawp_total_views":9,"footnotes":""},"class_list":["post-1679","page","type-page","status-publish","hentry"],"yoast_head":"<!-- This site is optimized with the Yoast SEO plugin v27.0 - https:\/\/yoast.com\/product\/yoast-seo-wordpress\/ -->\n<title>Contato - Accesit Inclusivo<\/title>\n<meta name=\"robots\" content=\"index, follow, max-snippet:-1, max-image-preview:large, max-video-preview:-1\" \/>\n<link rel=\"canonical\" href=\"https:\/\/www.acctua.eu\/pt-br\/contato\/\" \/>\n<meta property=\"og:locale\" content=\"pt_BR\" \/>\n<meta property=\"og:type\" content=\"article\" \/>\n<meta property=\"og:title\" content=\"Contato - Accesit Inclusivo\" \/>\n<meta property=\"og:description\" content=\"Estamos dando um passo adiante em termos de acessibilidade? Vamos conversar sobre seu projeto Assessoria especializada e solu\u00e7\u00f5es personalizadas Na Acctua, estamos aqui para ajudar voc\u00ea a otimizar seu site com solu\u00e7\u00f5es inovadoras e eficientes. Diga-nos o que voc\u00ea precisa e nossa equipe de especialistas entrar\u00e1 em contato para lhe oferecer a melhor op\u00e7\u00e3o. info@acctua.eu [&hellip;]\" \/>\n<meta property=\"og:url\" content=\"https:\/\/www.acctua.eu\/pt-br\/contato\/\" \/>\n<meta property=\"og:site_name\" content=\"Accesit Inclusivo\" \/>\n<meta property=\"article:modified_time\" content=\"2025-09-25T10:35:21+00:00\" \/>\n<meta name=\"twitter:card\" content=\"summary_large_image\" \/>\n<script type=\"application\/ld+json\" class=\"yoast-schema-graph\">{\"@context\":\"https:\/\/schema.org\",\"@graph\":[{\"@type\":\"WebPage\",\"@id\":\"https:\/\/www.acctua.eu\/pt-br\/contato\/\",\"url\":\"https:\/\/www.acctua.eu\/pt-br\/contato\/\",\"name\":\"Contato - Accesit Inclusivo\",\"isPartOf\":{\"@id\":\"https:\/\/www.acctua.eu\/pt-br\/#website\"},\"datePublished\":\"2025-05-05T05:16:44+00:00\",\"dateModified\":\"2025-09-25T10:35:21+00:00\",\"breadcrumb\":{\"@id\":\"https:\/\/www.acctua.eu\/pt-br\/contato\/#breadcrumb\"},\"inLanguage\":\"pt-BR\",\"potentialAction\":[{\"@type\":\"ReadAction\",\"target\":[\"https:\/\/www.acctua.eu\/pt-br\/contato\/\"]}]},{\"@type\":\"BreadcrumbList\",\"@id\":\"https:\/\/www.acctua.eu\/pt-br\/contato\/#breadcrumb\",\"itemListElement\":[{\"@type\":\"ListItem\",\"position\":1,\"name\":\"Portada\",\"item\":\"https:\/\/www.acctua.eu\/pt-br\/acctua\/\"},{\"@type\":\"ListItem\",\"position\":2,\"name\":\"Contato\"}]},{\"@type\":\"WebSite\",\"@id\":\"https:\/\/www.acctua.eu\/pt-br\/#website\",\"url\":\"https:\/\/www.acctua.eu\/pt-br\/\",\"name\":\"Accesit Inclusivo\",\"description\":\"\",\"publisher\":{\"@id\":\"https:\/\/www.acctua.eu\/pt-br\/#organization\"},\"potentialAction\":[{\"@type\":\"SearchAction\",\"target\":{\"@type\":\"EntryPoint\",\"urlTemplate\":\"https:\/\/www.acctua.eu\/pt-br\/?s={search_term_string}\"},\"query-input\":{\"@type\":\"PropertyValueSpecification\",\"valueRequired\":true,\"valueName\":\"search_term_string\"}}],\"inLanguage\":\"pt-BR\"},{\"@type\":\"Organization\",\"@id\":\"https:\/\/www.acctua.eu\/pt-br\/#organization\",\"name\":\"Accesit Inclusivo\",\"url\":\"https:\/\/www.acctua.eu\/pt-br\/\",\"logo\":{\"@type\":\"ImageObject\",\"inLanguage\":\"pt-BR\",\"@id\":\"https:\/\/www.acctua.eu\/pt-br\/#\/schema\/logo\/image\/\",\"url\":\"https:\/\/www.acctua.eu\/wp-content\/uploads\/2025\/04\/logo-acctua.svg\",\"contentUrl\":\"https:\/\/www.acctua.eu\/wp-content\/uploads\/2025\/04\/logo-acctua.svg\",\"width\":551,\"height\":161,\"caption\":\"Accesit Inclusivo\"},\"image\":{\"@id\":\"https:\/\/www.acctua.eu\/pt-br\/#\/schema\/logo\/image\/\"}}]}<\/script>\n<!-- \/ Yoast SEO plugin. -->","yoast_head_json":{"title":"Contato - Accesit Inclusivo","robots":{"index":"index","follow":"follow","max-snippet":"max-snippet:-1","max-image-preview":"max-image-preview:large","max-video-preview":"max-video-preview:-1"},"canonical":"https:\/\/www.acctua.eu\/pt-br\/contato\/","og_locale":"pt_BR","og_type":"article","og_title":"Contato - Accesit Inclusivo","og_description":"Estamos dando um passo adiante em termos de acessibilidade? Vamos conversar sobre seu projeto Assessoria especializada e solu\u00e7\u00f5es personalizadas Na Acctua, estamos aqui para ajudar voc\u00ea a otimizar seu site com solu\u00e7\u00f5es inovadoras e eficientes. Diga-nos o que voc\u00ea precisa e nossa equipe de especialistas entrar\u00e1 em contato para lhe oferecer a melhor op\u00e7\u00e3o. info@acctua.eu [&hellip;]","og_url":"https:\/\/www.acctua.eu\/pt-br\/contato\/","og_site_name":"Accesit Inclusivo","article_modified_time":"2025-09-25T10:35:21+00:00","twitter_card":"summary_large_image","schema":{"@context":"https:\/\/schema.org","@graph":[{"@type":"WebPage","@id":"https:\/\/www.acctua.eu\/pt-br\/contato\/","url":"https:\/\/www.acctua.eu\/pt-br\/contato\/","name":"Contato - Accesit Inclusivo","isPartOf":{"@id":"https:\/\/www.acctua.eu\/pt-br\/#website"},"datePublished":"2025-05-05T05:16:44+00:00","dateModified":"2025-09-25T10:35:21+00:00","breadcrumb":{"@id":"https:\/\/www.acctua.eu\/pt-br\/contato\/#breadcrumb"},"inLanguage":"pt-BR","potentialAction":[{"@type":"ReadAction","target":["https:\/\/www.acctua.eu\/pt-br\/contato\/"]}]},{"@type":"BreadcrumbList","@id":"https:\/\/www.acctua.eu\/pt-br\/contato\/#breadcrumb","itemListElement":[{"@type":"ListItem","position":1,"name":"Portada","item":"https:\/\/www.acctua.eu\/pt-br\/acctua\/"},{"@type":"ListItem","position":2,"name":"Contato"}]},{"@type":"WebSite","@id":"https:\/\/www.acctua.eu\/pt-br\/#website","url":"https:\/\/www.acctua.eu\/pt-br\/","name":"Accesit Inclusivo","description":"","publisher":{"@id":"https:\/\/www.acctua.eu\/pt-br\/#organization"},"potentialAction":[{"@type":"SearchAction","target":{"@type":"EntryPoint","urlTemplate":"https:\/\/www.acctua.eu\/pt-br\/?s={search_term_string}"},"query-input":{"@type":"PropertyValueSpecification","valueRequired":true,"valueName":"search_term_string"}}],"inLanguage":"pt-BR"},{"@type":"Organization","@id":"https:\/\/www.acctua.eu\/pt-br\/#organization","name":"Accesit Inclusivo","url":"https:\/\/www.acctua.eu\/pt-br\/","logo":{"@type":"ImageObject","inLanguage":"pt-BR","@id":"https:\/\/www.acctua.eu\/pt-br\/#\/schema\/logo\/image\/","url":"https:\/\/www.acctua.eu\/wp-content\/uploads\/2025\/04\/logo-acctua.svg","contentUrl":"https:\/\/www.acctua.eu\/wp-content\/uploads\/2025\/04\/logo-acctua.svg","width":551,"height":161,"caption":"Accesit Inclusivo"},"image":{"@id":"https:\/\/www.acctua.eu\/pt-br\/#\/schema\/logo\/image\/"}}]}},"_links":{"self":[{"href":"https:\/\/www.acctua.eu\/pt-br\/wp-json\/wp\/v2\/pages\/1679","targetHints":{"allow":["GET"]}}],"collection":[{"href":"https:\/\/www.acctua.eu\/pt-br\/wp-json\/wp\/v2\/pages"}],"about":[{"href":"https:\/\/www.acctua.eu\/pt-br\/wp-json\/wp\/v2\/types\/page"}],"author":[{"embeddable":true,"href":"https:\/\/www.acctua.eu\/pt-br\/wp-json\/wp\/v2\/users\/2"}],"replies":[{"embeddable":true,"href":"https:\/\/www.acctua.eu\/pt-br\/wp-json\/wp\/v2\/comments?post=1679"}],"version-history":[{"count":3,"href":"https:\/\/www.acctua.eu\/pt-br\/wp-json\/wp\/v2\/pages\/1679\/revisions"}],"predecessor-version":[{"id":2218,"href":"https:\/\/www.acctua.eu\/pt-br\/wp-json\/wp\/v2\/pages\/1679\/revisions\/2218"}],"wp:attachment":[{"href":"https:\/\/www.acctua.eu\/pt-br\/wp-json\/wp\/v2\/media?parent=1679"}],"curies":[{"name":"wp","href":"https:\/\/api.w.org\/{rel}","templated":true}]}}