{"id":1688,"date":"2025-05-05T13:02:20","date_gmt":"2025-05-05T11:02:20","guid":{"rendered":"https:\/\/www.acctua.eu\/politica-de-privacidade\/"},"modified":"2025-06-19T09:29:04","modified_gmt":"2025-06-19T07:29:04","slug":"politica-de-privacidade","status":"publish","type":"page","link":"https:\/\/www.acctua.eu\/pt-br\/politica-de-privacidade\/","title":{"rendered":"Pol\u00edtica de Privacidade"},"content":{"rendered":"\t\t<div data-elementor-type=\"wp-page\" data-elementor-id=\"1688\" class=\"elementor elementor-1688 elementor-257\" data-elementor-post-type=\"page\">\n\t\t\t\t<div class=\"elementor-element elementor-element-4466e00 e-flex e-con-boxed e-con e-parent\" data-id=\"4466e00\" data-element_type=\"container\" data-e-type=\"container\" data-settings=\"{&quot;background_background&quot;:&quot;classic&quot;}\">\n\t\t\t\t\t<div class=\"e-con-inner\">\n\t\t\t\t<div class=\"elementor-element elementor-element-af925a1 elementor-align-center elementor-widget elementor-widget-button\" data-id=\"af925a1\" data-element_type=\"widget\" data-e-type=\"widget\" data-widget_type=\"button.default\">\n\t\t\t\t<div class=\"elementor-widget-container\">\n\t\t\t\t\t\t\t\t\t<div class=\"elementor-button-wrapper\">\n\t\t\t\t\t<a class=\"elementor-button elementor-size-sm\" role=\"button\">\n\t\t\t\t\t\t<span class=\"elementor-button-content-wrapper\">\n\t\t\t\t\t\t\t\t\t<span class=\"elementor-button-text\">Pol\u00edtica de Privacidade<\/span>\n\t\t\t\t\t<\/span>\n\t\t\t\t\t<\/a>\n\t\t\t\t<\/div>\n\t\t\t\t\t\t\t\t<\/div>\n\t\t\t\t<\/div>\n\t\t\t\t\t<\/div>\n\t\t\t\t<\/div>\n\t\t<div class=\"elementor-element elementor-element-44ebb0f e-flex e-con-boxed e-con e-parent\" data-id=\"44ebb0f\" data-element_type=\"container\" data-e-type=\"container\">\n\t\t\t\t\t<div class=\"e-con-inner\">\n\t\t\t\t<div class=\"elementor-element elementor-element-2cc7880 elementor-widget elementor-widget-text-editor\" data-id=\"2cc7880\" data-element_type=\"widget\" data-e-type=\"widget\" data-widget_type=\"text-editor.default\">\n\t\t\t\t<div class=\"elementor-widget-container\">\n\t\t\t\t\t\t\t\t\t<p>A Accesit Inclusivo SL informa sobre sua Pol\u00edtica de Privacidade em rela\u00e7\u00e3o ao tratamento e prote\u00e7\u00e3o de dados pessoais de usu\u00e1rios e clientes que podem ser coletados ao navegar ou contratar servi\u00e7os atrav\u00e9s do site <a role=\"link\" href=\"https:\/\/www.acctua.eu\/pt-br\/\">WWW.ACCTUA.EU.<\/a><\/p><p>Neste sentido, o Titular garante o cumprimento da legisla\u00e7\u00e3o vigente em mat\u00e9ria de prote\u00e7\u00e3o de dados pessoais, conforme refletida na Lei Org\u00e2nica 3\/2018, de 5 de dezembro, de Prote\u00e7\u00e3o de Dados Pessoais e Garantia dos Direitos Digitais (LOPD GDD). Cumpre tamb\u00e9m o Regulamento (UE) 2016\/679 do Parlamento Europeu e do Conselho, de 27 de abril de 2016, relativo \u00e0 prote\u00e7\u00e3o das pessoas singulares (RGPD). <\/p><p>A utiliza\u00e7\u00e3o do site implica a aceita\u00e7\u00e3o da presente Pol\u00edtica de Privacidade, bem como das condi\u00e7\u00f5es inclu\u00eddas no Aviso Legal.<\/p><p><strong>Identidade do respons\u00e1vel<\/strong><\/p><ul class=\"wp-block-list\"><li>Propriet\u00e1rio: Accesit Inclusivo SL<\/li><li>NIF\/CIF: B16818601<\/li><li>Propriet\u00e1rio: Accesit Inclusivo SL<\/li><li>E-mail: info@acctua.eu<\/li><li><a role=\"link\" href=\"https:\/\/www.acctua.eu\/pt-br\/\">Site: www.acctua.eu<\/a><\/li><\/ul><p><strong>Princ\u00edpios aplicados no processamento de dados.<\/strong><\/p><p>No processamento dos seus dados pessoais, o Controlador de Dados aplicar\u00e1 os seguintes princ\u00edpios, que est\u00e3o em conformidade com os requisitos do novo regulamento europeu de prote\u00e7\u00e3o de dados:<\/p><ul class=\"wp-block-list\"><li><strong>Princ\u00edpio da legalidade, lealdade e transpar\u00eancia: <\/strong>O Respons\u00e1vel pelo Tratamento exigir\u00e1 sempre o seu consentimento para o tratamento dos seus dados pessoais, que poder\u00e1 ser para uma ou mais finalidades espec\u00edficas sobre as quais lhe informar\u00e1 previamente com absoluta transpar\u00eancia.<\/li><li><strong>Princ\u00edpio da minimiza\u00e7\u00e3o de dados:<\/strong> O Controlador de Dados solicitar\u00e1 apenas os dados estritamente necess\u00e1rios para a finalidade ou finalidades para as quais s\u00e3o solicitados.<\/li><li><strong>Princ\u00edpio da limita\u00e7\u00e3o da reten\u00e7\u00e3o:<\/strong> Os dados ser\u00e3o retidos pelo tempo estritamente necess\u00e1rio para a(s) finalidade(s) do tratamento.<br>O Controlador de Dados informar\u00e1 voc\u00ea sobre o per\u00edodo de reten\u00e7\u00e3o correspondente, dependendo da finalidade. No caso de assinaturas, o Controlador de Dados revisar\u00e1 periodicamente as listas e excluir\u00e1 quaisquer registros que estejam inativos por um per\u00edodo significativo. <\/li><li><strong>Princ\u00edpio da integridade e confidencialidade:<\/strong> Seus dados ser\u00e3o tratados de forma que sua seguran\u00e7a, confidencialidade e integridade sejam garantidas. Voc\u00ea deve estar ciente de que o Controlador de Dados toma as precau\u00e7\u00f5es necess\u00e1rias para impedir o acesso n\u00e3o autorizado ou o uso indevido dos dados de seus usu\u00e1rios por terceiros. <\/li><\/ul><p><strong>Obten\u00e7\u00e3o de dados pessoais.<\/strong><\/p><p>Para navegar em www.acctua.eu, n\u00e3o \u00e9 necess\u00e1rio fornecer nenhuma informa\u00e7\u00e3o pessoal. Os casos em que voc\u00ea precisa fornecer suas informa\u00e7\u00f5es pessoais s\u00e3o os seguintes: <\/p><ul class=\"wp-block-list\"><li> <\/li><\/ul><ul class=\"wp-block-list\"><li>Entrando em contato conosco atrav\u00e9s dos formul\u00e1rios de contato ou enviando um e-mail.<\/li><li>Ao se inscrever em um formul\u00e1rio de assinatura ou boletim informativo que o Propriet\u00e1rio gerencia com o Zoho.<\/li><li>Ao assinar um formul\u00e1rio de assinatura ou newsletter que o Propriet\u00e1rio gerencia com o LinkedIn.<\/li><\/ul><p><strong>Seus direitos<\/strong><\/p><p>O Titular informa que em rela\u00e7\u00e3o aos seus dados pessoais voc\u00ea tem o direito de:<\/p><ul class=\"wp-block-list\"><li>Solicitar acesso aos dados armazenados.<\/li><li>Solicitar uma retifica\u00e7\u00e3o ou cancelamento.<\/li><li>Solicitar a limita\u00e7\u00e3o do seu processamento.<\/li><li>Oponha-se ao tratamento.<\/li><li>Solicite a portabilidade dos seus dados.<\/li><\/ul><p>O exerc\u00edcio destes direitos \u00e9 pessoal e, portanto, deve ser exercido diretamente pelo interessado, mediante solicita\u00e7\u00e3o direta ao Titular. Isso significa que qualquer cliente, assinante ou colaborador que tenha fornecido seus dados poder\u00e1, a qualquer momento, entrar em contato com o Titular e solicitar informa\u00e7\u00f5es sobre os dados armazenados e como foram obtidos, solicitar a retifica\u00e7\u00e3o dos mesmos, solicitar a portabilidade dos seus dados pessoais, opor-se ao tratamento, limitar a sua utiliza\u00e7\u00e3o ou solicitar o cancelamento dos mesmos nos arquivos do Titular.<\/p><p>Para exercer seus direitos de acesso, retifica\u00e7\u00e3o, exclus\u00e3o, portabilidade e obje\u00e7\u00e3o, voc\u00ea deve enviar um e-mail para info@acctua.eu junto com uma prova legalmente v\u00e1lida, como uma fotoc\u00f3pia do seu documento de identidade ou equivalente.<\/p><p>Voc\u00ea tem direito a uma prote\u00e7\u00e3o judicial efetiva e a apresentar uma reclama\u00e7\u00e3o \u00e0 autoridade de controlo, neste caso, a Ag\u00eancia Espanhola de Prote\u00e7\u00e3o de Dados, se considerar que o tratamento dos seus dados pessoais viola o Regulamento.<\/p><p><strong>Finalidade do tratamento de dados pessoais<\/strong><\/p><p>Ao acessar o Site para enviar um e-mail ao Propriet\u00e1rio, assinar a newsletter ou efetuar uma compra, voc\u00ea est\u00e1 fornecendo informa\u00e7\u00f5es pessoais pelas quais o Propriet\u00e1rio \u00e9 respons\u00e1vel. Essas informa\u00e7\u00f5es podem incluir dados pessoais como seu endere\u00e7o IP, nome e sobrenome, endere\u00e7o f\u00edsico, endere\u00e7o de e-mail, n\u00famero de telefone e outras informa\u00e7\u00f5es. Ao fornecer essas informa\u00e7\u00f5es, voc\u00ea concorda com a coleta, o uso, o gerenciamento e o armazenamento de suas informa\u00e7\u00f5es.  <\/p><p>Os dados pessoais e a finalidade do tratamento pelo Titular s\u00e3o diferentes dependendo do sistema de captura de informa\u00e7\u00f5es:<\/p><ul class=\"wp-block-list\"><li><strong>Formul\u00e1rios de contato: <\/strong>O Propriet\u00e1rio solicita dados pessoais, que podem incluir seu nome e sobrenome, endere\u00e7o de e-mail, n\u00famero de telefone e endere\u00e7o do site, para responder \u00e0s suas perguntas.<br>Por exemplo, o Propriet\u00e1rio usa esses dados para responder \u00e0s suas mensagens, <\/li><\/ul><p>perguntas, reclama\u00e7\u00f5es, coment\u00e1rios ou preocupa\u00e7\u00f5es que voc\u00ea possa ter sobre as informa\u00e7\u00f5es inclu\u00eddas no Site, os servi\u00e7os fornecidos por meio do Site, o processamento de seus dados pessoais, quest\u00f5es relacionadas aos textos legais inclu\u00eddos no Site, bem como quaisquer outras d\u00favidas que voc\u00ea possa ter que n\u00e3o estejam sujeitas aos termos e condi\u00e7\u00f5es do Site ou do contrato.<\/p><ul class=\"wp-block-list\"><li><strong>Formul\u00e1rios de assinatura de conte\u00fado: <\/strong>O Propriet\u00e1rio solicita os seguintes dados pessoais: Nome e sobrenome, endere\u00e7o de e-mail, n\u00famero de telefone e endere\u00e7o do seu site para gerenciar a lista de assinaturas, enviar newsletters, promo\u00e7\u00f5es e ofertas especiais.<\/li><\/ul><p>Existem outras finalidades para as quais o Propriet\u00e1rio processa seus dados pessoais:<\/p><ul class=\"wp-block-list\"><li>Para garantir o cumprimento das condi\u00e7\u00f5es estabelecidas no Aviso Legal e na legisla\u00e7\u00e3o aplic\u00e1vel. Isso pode incluir o desenvolvimento de ferramentas e algoritmos que ajudem este site a garantir a confidencialidade dos dados pessoais coletados. <\/li><li>Para apoiar e melhorar os servi\u00e7os oferecidos por este site.<\/li><li>Para analisar a navega\u00e7\u00e3o. O Propriet\u00e1rio coleta outros dados n\u00e3o identific\u00e1veis \u200b\u200bobtidos por meio do uso de cookies baixados em seu computador quando voc\u00ea navega no Site, cujas caracter\u00edsticas e finalidades est\u00e3o detalhadas na Pol\u00edtica de Cookies. <\/li><li>Para gerenciar as m\u00eddias sociais, o Propriet\u00e1rio mant\u00e9m presen\u00e7a nas m\u00eddias sociais. Se voc\u00ea se tornar um seguidor nas m\u00eddias sociais do Propriet\u00e1rio, o processamento dos seus dados pessoais ser\u00e1 regido por esta se\u00e7\u00e3o, bem como pelos termos de uso, pol\u00edticas de privacidade e regulamentos de acesso da plataforma de m\u00eddia social relevante, os quais voc\u00ea aceitou previamente.  <\/li><\/ul><p>Voc\u00ea pode consultar as pol\u00edticas de privacidade das principais redes sociais nestes links:<\/p><ul class=\"wp-block-list\"><li>Facebook<\/li><li>Twitter<\/li><li>Linkedin<\/li><li>YouTube<\/li><li>Instagram<\/li><\/ul><p>O Controlador de Dados processar\u00e1 seus dados pessoais com a finalidade de gerenciar adequadamente sua presen\u00e7a na rede social, informando-o sobre suas atividades, produtos ou servi\u00e7os e para quaisquer outros fins permitidos pelos regulamentos da rede social.<\/p><p>Em nenhuma hip\u00f3tese o Titular utilizar\u00e1 os perfis dos seguidores nas redes sociais para enviar publicidade de forma individual.<\/p><p><strong>Seguran\u00e7a de dados pessoais<\/strong><\/p><p>Para proteger seus dados pessoais, o Controlador de Dados toma todas as precau\u00e7\u00f5es razo\u00e1veis \u200b\u200be segue as melhores pr\u00e1ticas do setor para evitar sua perda, uso indevido, acesso n\u00e3o autorizado, divulga\u00e7\u00e3o, altera\u00e7\u00e3o ou destrui\u00e7\u00e3o. <\/p><p>A seguran\u00e7a dos seus dados \u00e9 garantida, pois adotam todas as medidas de seguran\u00e7a necess\u00e1rias. Voc\u00ea pode consultar a pol\u00edtica de privacidade para mais informa\u00e7\u00f5es. <\/p><p><strong>Pol\u00edtica de Cookies<\/strong><\/p><p>Para que este site funcione corretamente, ele precisa usar cookies, que s\u00e3o informa\u00e7\u00f5es armazenadas no seu navegador.<\/p><p>Na p\u00e1gina Pol\u00edtica de Cookies, voc\u00ea encontra todas as informa\u00e7\u00f5es sobre a pol\u00edtica de coleta, finalidade e processamento de cookies.<\/p><p><strong>Legitima\u00e7\u00e3o para o processamento de dados<\/strong><\/p><p>A base legal para o processamento dos seus dados \u00e9 o consentimento.<\/p><p>Para entrar em contato com o Propriet\u00e1rio, assinar um boletim informativo ou postar coment\u00e1rios neste site, voc\u00ea deve aceitar esta Pol\u00edtica de Privacidade.<\/p><p><strong>Categorias de dados pessoais<\/strong><\/p><p>As categorias de dados pessoais processados \u200b\u200bpelo Controlador de Dados s\u00e3o:<\/p><ul class=\"wp-block-list\"><li>Dados de identifica\u00e7\u00e3o.<\/li><\/ul><p><strong>Reten\u00e7\u00e3o de dados pessoais<\/strong><\/p><p>Os dados pessoais que voc\u00ea fornecer ao Propriet\u00e1rio ser\u00e3o retidos at\u00e9 que voc\u00ea solicite sua exclus\u00e3o.<\/p><p>Voc\u00ea tamb\u00e9m pode ver uma lista dos tipos de cookies usados \u200b\u200bpelo Google e seus parceiros e informa\u00e7\u00f5es completas sobre o uso de cookies de publicidade.<\/p><p><strong>Navega\u00e7\u00e3o na Web<\/strong><\/p><p>Ao navegar em www.acctua.eu, dados n\u00e3o identific\u00e1veis \u200b\u200bpodem ser coletados, os quais podem incluir seu endere\u00e7o IP, geolocaliza\u00e7\u00e3o, um registro de como voc\u00ea usa os servi\u00e7os e sites, h\u00e1bitos de navega\u00e7\u00e3o e outros dados que n\u00e3o podem ser usados \u200b\u200bpara identific\u00e1-lo.<\/p><p><strong>Precis\u00e3o e veracidade dos dados pessoais<\/strong><\/p><p>Voc\u00ea se compromete a que os dados fornecidos ao Titular sejam corretos, completos, precisos e atualizados, e que os manter\u00e1 devidamente atualizados.<\/p><p>Como Usu\u00e1rio do Site, voc\u00ea \u00e9 o \u00fanico respons\u00e1vel pela veracidade e precis\u00e3o dos dados que voc\u00ea envia ao site, exonerando o Propriet\u00e1rio de qualquer responsabilidade a esse respeito.<\/p><p><strong>Aceita\u00e7\u00e3o e consentimento<\/strong><\/p><p>Como Usu\u00e1rio do Site, voc\u00ea declara ter sido informado das condi\u00e7\u00f5es relativas \u00e0 prote\u00e7\u00e3o de dados pessoais, e que aceita e consente o tratamento desses dados pelo Titular na forma e para as finalidades indicadas nesta Pol\u00edtica de Privacidade.<\/p><p><strong>Revogabilidade<\/strong><\/p><p>Para exercer os seus direitos de acesso, retifica\u00e7\u00e3o, cancelamento, portabilidade e oposi\u00e7\u00e3o <\/p><p>voc\u00ea deve enviar um e-mail para info@acctua.eu junto com uma prova legalmente v\u00e1lida, como uma fotoc\u00f3pia do seu documento de identidade ou equivalente.<\/p><p>O exerc\u00edcio dos seus direitos n\u00e3o inclui quaisquer dados que o Controlador de Dados seja obrigado a reter para fins administrativos, legais ou de seguran\u00e7a.<\/p><p>Altera\u00e7\u00f5es na Pol\u00edtica de Privacidade<\/p><p>O Titular reserva-se o direito de modificar esta Pol\u00edtica de Privacidade para adapt\u00e1-la \u00e0 nova legisla\u00e7\u00e3o ou jurisprud\u00eancia, bem como \u00e0s pr\u00e1ticas do setor.<\/p><p>Estas pol\u00edticas permanecer\u00e3o em vigor at\u00e9 serem modificadas por pol\u00edticas devidamente publicadas.<\/p>\t\t\t\t\t\t\t\t<\/div>\n\t\t\t\t<\/div>\n\t\t\t\t\t<\/div>\n\t\t\t\t<\/div>\n\t\t\t\t<\/div>\n\t\t","protected":false},"excerpt":{"rendered":"<p>A Accesit Inclusivo SL informa sobre sua Pol\u00edtica de Privacidade em rela\u00e7\u00e3o ao tratamento e prote\u00e7\u00e3o de dados pessoais de usu\u00e1rios e clientes que podem ser coletados ao navegar ou contratar servi\u00e7os atrav\u00e9s do site WWW.ACCTUA.EU. Neste sentido, o Titular garante o cumprimento da legisla\u00e7\u00e3o vigente em mat\u00e9ria de prote\u00e7\u00e3o de dados pessoais, conforme refletida [&hellip;]<\/p>\n","protected":false},"author":2,"featured_media":0,"parent":0,"menu_order":0,"comment_status":"closed","ping_status":"closed","template":"elementor_header_footer","meta":{"iawp_total_views":2,"footnotes":""},"class_list":["post-1688","page","type-page","status-publish","hentry"],"yoast_head":"<!-- This site is optimized with the Yoast SEO plugin v27.0 - https:\/\/yoast.com\/product\/yoast-seo-wordpress\/ -->\n<title>Pol\u00edtica de Privacidade - Accesit Inclusivo<\/title>\n<meta name=\"robots\" content=\"index, follow, max-snippet:-1, max-image-preview:large, max-video-preview:-1\" \/>\n<link rel=\"canonical\" href=\"https:\/\/www.acctua.eu\/pt-br\/politica-de-privacidade\/\" \/>\n<meta property=\"og:locale\" content=\"pt_BR\" \/>\n<meta property=\"og:type\" content=\"article\" \/>\n<meta property=\"og:title\" content=\"Pol\u00edtica de Privacidade - Accesit Inclusivo\" \/>\n<meta property=\"og:description\" content=\"A Accesit Inclusivo SL informa sobre sua Pol\u00edtica de Privacidade em rela\u00e7\u00e3o ao tratamento e prote\u00e7\u00e3o de dados pessoais de usu\u00e1rios e clientes que podem ser coletados ao navegar ou contratar servi\u00e7os atrav\u00e9s do site WWW.ACCTUA.EU. Neste sentido, o Titular garante o cumprimento da legisla\u00e7\u00e3o vigente em mat\u00e9ria de prote\u00e7\u00e3o de dados pessoais, conforme refletida [&hellip;]\" \/>\n<meta property=\"og:url\" content=\"https:\/\/www.acctua.eu\/pt-br\/politica-de-privacidade\/\" \/>\n<meta property=\"og:site_name\" content=\"Accesit Inclusivo\" \/>\n<meta property=\"article:modified_time\" content=\"2025-06-19T07:29:04+00:00\" \/>\n<meta name=\"twitter:card\" content=\"summary_large_image\" \/>\n<meta name=\"twitter:label1\" content=\"Est. tempo de leitura\" \/>\n\t<meta name=\"twitter:data1\" content=\"9 minutos\" \/>\n<script type=\"application\/ld+json\" class=\"yoast-schema-graph\">{\"@context\":\"https:\/\/schema.org\",\"@graph\":[{\"@type\":\"WebPage\",\"@id\":\"https:\/\/www.acctua.eu\/pt-br\/politica-de-privacidade\/\",\"url\":\"https:\/\/www.acctua.eu\/pt-br\/politica-de-privacidade\/\",\"name\":\"Pol\u00edtica de Privacidade - Accesit Inclusivo\",\"isPartOf\":{\"@id\":\"https:\/\/www.acctua.eu\/pt-br\/#website\"},\"datePublished\":\"2025-05-05T11:02:20+00:00\",\"dateModified\":\"2025-06-19T07:29:04+00:00\",\"breadcrumb\":{\"@id\":\"https:\/\/www.acctua.eu\/pt-br\/politica-de-privacidade\/#breadcrumb\"},\"inLanguage\":\"pt-BR\",\"potentialAction\":[{\"@type\":\"ReadAction\",\"target\":[\"https:\/\/www.acctua.eu\/pt-br\/politica-de-privacidade\/\"]}]},{\"@type\":\"BreadcrumbList\",\"@id\":\"https:\/\/www.acctua.eu\/pt-br\/politica-de-privacidade\/#breadcrumb\",\"itemListElement\":[{\"@type\":\"ListItem\",\"position\":1,\"name\":\"Portada\",\"item\":\"https:\/\/www.acctua.eu\/pt-br\/acctua\/\"},{\"@type\":\"ListItem\",\"position\":2,\"name\":\"Pol\u00edtica de Privacidade\"}]},{\"@type\":\"WebSite\",\"@id\":\"https:\/\/www.acctua.eu\/pt-br\/#website\",\"url\":\"https:\/\/www.acctua.eu\/pt-br\/\",\"name\":\"Accesit Inclusivo\",\"description\":\"\",\"publisher\":{\"@id\":\"https:\/\/www.acctua.eu\/pt-br\/#organization\"},\"potentialAction\":[{\"@type\":\"SearchAction\",\"target\":{\"@type\":\"EntryPoint\",\"urlTemplate\":\"https:\/\/www.acctua.eu\/pt-br\/?s={search_term_string}\"},\"query-input\":{\"@type\":\"PropertyValueSpecification\",\"valueRequired\":true,\"valueName\":\"search_term_string\"}}],\"inLanguage\":\"pt-BR\"},{\"@type\":\"Organization\",\"@id\":\"https:\/\/www.acctua.eu\/pt-br\/#organization\",\"name\":\"Accesit Inclusivo\",\"url\":\"https:\/\/www.acctua.eu\/pt-br\/\",\"logo\":{\"@type\":\"ImageObject\",\"inLanguage\":\"pt-BR\",\"@id\":\"https:\/\/www.acctua.eu\/pt-br\/#\/schema\/logo\/image\/\",\"url\":\"https:\/\/www.acctua.eu\/wp-content\/uploads\/2025\/04\/logo-acctua.svg\",\"contentUrl\":\"https:\/\/www.acctua.eu\/wp-content\/uploads\/2025\/04\/logo-acctua.svg\",\"width\":551,\"height\":161,\"caption\":\"Accesit Inclusivo\"},\"image\":{\"@id\":\"https:\/\/www.acctua.eu\/pt-br\/#\/schema\/logo\/image\/\"}}]}<\/script>\n<!-- \/ Yoast SEO plugin. -->","yoast_head_json":{"title":"Pol\u00edtica de Privacidade - Accesit Inclusivo","robots":{"index":"index","follow":"follow","max-snippet":"max-snippet:-1","max-image-preview":"max-image-preview:large","max-video-preview":"max-video-preview:-1"},"canonical":"https:\/\/www.acctua.eu\/pt-br\/politica-de-privacidade\/","og_locale":"pt_BR","og_type":"article","og_title":"Pol\u00edtica de Privacidade - Accesit Inclusivo","og_description":"A Accesit Inclusivo SL informa sobre sua Pol\u00edtica de Privacidade em rela\u00e7\u00e3o ao tratamento e prote\u00e7\u00e3o de dados pessoais de usu\u00e1rios e clientes que podem ser coletados ao navegar ou contratar servi\u00e7os atrav\u00e9s do site WWW.ACCTUA.EU. Neste sentido, o Titular garante o cumprimento da legisla\u00e7\u00e3o vigente em mat\u00e9ria de prote\u00e7\u00e3o de dados pessoais, conforme refletida [&hellip;]","og_url":"https:\/\/www.acctua.eu\/pt-br\/politica-de-privacidade\/","og_site_name":"Accesit Inclusivo","article_modified_time":"2025-06-19T07:29:04+00:00","twitter_card":"summary_large_image","twitter_misc":{"Est. tempo de leitura":"9 minutos"},"schema":{"@context":"https:\/\/schema.org","@graph":[{"@type":"WebPage","@id":"https:\/\/www.acctua.eu\/pt-br\/politica-de-privacidade\/","url":"https:\/\/www.acctua.eu\/pt-br\/politica-de-privacidade\/","name":"Pol\u00edtica de Privacidade - Accesit Inclusivo","isPartOf":{"@id":"https:\/\/www.acctua.eu\/pt-br\/#website"},"datePublished":"2025-05-05T11:02:20+00:00","dateModified":"2025-06-19T07:29:04+00:00","breadcrumb":{"@id":"https:\/\/www.acctua.eu\/pt-br\/politica-de-privacidade\/#breadcrumb"},"inLanguage":"pt-BR","potentialAction":[{"@type":"ReadAction","target":["https:\/\/www.acctua.eu\/pt-br\/politica-de-privacidade\/"]}]},{"@type":"BreadcrumbList","@id":"https:\/\/www.acctua.eu\/pt-br\/politica-de-privacidade\/#breadcrumb","itemListElement":[{"@type":"ListItem","position":1,"name":"Portada","item":"https:\/\/www.acctua.eu\/pt-br\/acctua\/"},{"@type":"ListItem","position":2,"name":"Pol\u00edtica de Privacidade"}]},{"@type":"WebSite","@id":"https:\/\/www.acctua.eu\/pt-br\/#website","url":"https:\/\/www.acctua.eu\/pt-br\/","name":"Accesit Inclusivo","description":"","publisher":{"@id":"https:\/\/www.acctua.eu\/pt-br\/#organization"},"potentialAction":[{"@type":"SearchAction","target":{"@type":"EntryPoint","urlTemplate":"https:\/\/www.acctua.eu\/pt-br\/?s={search_term_string}"},"query-input":{"@type":"PropertyValueSpecification","valueRequired":true,"valueName":"search_term_string"}}],"inLanguage":"pt-BR"},{"@type":"Organization","@id":"https:\/\/www.acctua.eu\/pt-br\/#organization","name":"Accesit Inclusivo","url":"https:\/\/www.acctua.eu\/pt-br\/","logo":{"@type":"ImageObject","inLanguage":"pt-BR","@id":"https:\/\/www.acctua.eu\/pt-br\/#\/schema\/logo\/image\/","url":"https:\/\/www.acctua.eu\/wp-content\/uploads\/2025\/04\/logo-acctua.svg","contentUrl":"https:\/\/www.acctua.eu\/wp-content\/uploads\/2025\/04\/logo-acctua.svg","width":551,"height":161,"caption":"Accesit Inclusivo"},"image":{"@id":"https:\/\/www.acctua.eu\/pt-br\/#\/schema\/logo\/image\/"}}]}},"_links":{"self":[{"href":"https:\/\/www.acctua.eu\/pt-br\/wp-json\/wp\/v2\/pages\/1688","targetHints":{"allow":["GET"]}}],"collection":[{"href":"https:\/\/www.acctua.eu\/pt-br\/wp-json\/wp\/v2\/pages"}],"about":[{"href":"https:\/\/www.acctua.eu\/pt-br\/wp-json\/wp\/v2\/types\/page"}],"author":[{"embeddable":true,"href":"https:\/\/www.acctua.eu\/pt-br\/wp-json\/wp\/v2\/users\/2"}],"replies":[{"embeddable":true,"href":"https:\/\/www.acctua.eu\/pt-br\/wp-json\/wp\/v2\/comments?post=1688"}],"version-history":[{"count":1,"href":"https:\/\/www.acctua.eu\/pt-br\/wp-json\/wp\/v2\/pages\/1688\/revisions"}],"predecessor-version":[{"id":1689,"href":"https:\/\/www.acctua.eu\/pt-br\/wp-json\/wp\/v2\/pages\/1688\/revisions\/1689"}],"wp:attachment":[{"href":"https:\/\/www.acctua.eu\/pt-br\/wp-json\/wp\/v2\/media?parent=1688"}],"curies":[{"name":"wp","href":"https:\/\/api.w.org\/{rel}","templated":true}]}}